{"id":1298,"date":"2019-06-12T11:50:31","date_gmt":"2019-06-12T15:50:31","guid":{"rendered":"http:\/\/geekpowerdev.com\/ariel-french\/certificate\/"},"modified":"2021-06-21T04:19:17","modified_gmt":"2021-06-21T08:19:17","slug":"certificate","status":"publish","type":"page","link":"https:\/\/arieltech.ca\/fr\/certificate\/","title":{"rendered":"Certificats"},"content":{"rendered":"<table class=\"table product_chart\" border=\"1\" width=\"100%\" cellspacing=\"0\" cellpadding=\"0\">\n<tbody>\n<tr>\n<th>Documents de certification<\/th>\n<td><img decoding=\"async\" src=\"https:\/\/arieltech.ca\/wp-content\/uploads\/2020\/03\/cCSA.jpg\" \/><\/td>\n<td><img decoding=\"async\" src=\"https:\/\/arieltech.ca\/wp-content\/uploads\/2020\/03\/CSAus.jpg\" \/><\/td>\n<td><img decoding=\"async\" src=\"https:\/\/arieltech.ca\/wp-content\/uploads\/2020\/03\/cUL.jpg\" \/><\/td>\n<td><img decoding=\"async\" src=\"https:\/\/arieltech.ca\/wp-content\/uploads\/2020\/03\/ULus.jpg\" \/><\/td>\n<td><img decoding=\"async\" src=\"https:\/\/arieltech.ca\/wp-content\/uploads\/2020\/03\/cru.jpg\" \/><\/td>\n<td><img decoding=\"async\" src=\"https:\/\/arieltech.ca\/wp-content\/uploads\/2020\/03\/ruus.jpg\" \/><\/td>\n<td><img decoding=\"async\" src=\"https:\/\/arieltech.ca\/wp-content\/uploads\/2020\/03\/index.jpg\" \/><\/td>\n<\/tr>\n<tr>\n<th>Filtres d&rsquo;\u00e9chappement<\/th>\n<td><a class=\"pdf\" href=\"https:\/\/arieltech.ca\/wp-content\/uploads\/2020\/03\/FTEC-series-CSA-Cert.pdf\" target=\"_blank\" rel=\"noopener noreferrer\"><img decoding=\"async\" src=\"https:\/\/arieltech.ca\/wp-content\/uploads\/2020\/03\/pdf-1.gif\" \/><\/a><\/td>\n<td><a class=\"pdf\" href=\"https:\/\/arieltech.ca\/wp-content\/uploads\/2020\/03\/FTEC-series-CSA-Cert.pdf\" target=\"_blank\" rel=\"noopener noreferrer\"><img decoding=\"async\" src=\"https:\/\/arieltech.ca\/wp-content\/uploads\/2020\/03\/pdf-1.gif\" \/><\/a><\/td>\n<td><a class=\"pdf\" href=\"https:\/\/arieltech.ca\/wp-content\/uploads\/2021\/06\/E497874-Vol1-Sec1-cUL.pdf\" target=\"_blank\" rel=\"noopener noreferrer\"><img decoding=\"async\" class=\"alignnone\" src=\"https:\/\/arieltech.ca\/wp-content\/uploads\/2020\/03\/pdf-1.gif\" alt=\"\" width=\"16\" height=\"16\" \/><\/a><\/td>\n<td><a class=\"pdf\" href=\"https:\/\/arieltech.ca\/wp-content\/uploads\/2021\/06\/E497874-Vol1-Sec1-UL.pdf\" target=\"_blank\" rel=\"noopener noreferrer\"><img decoding=\"async\" class=\"alignnone\" src=\"https:\/\/arieltech.ca\/wp-content\/uploads\/2020\/03\/pdf-1.gif\" alt=\"\" width=\"16\" height=\"16\" \/><\/a><\/td>\n<td><\/td>\n<td><\/td>\n<td><a class=\"pdf\" href=\"https:\/\/arieltech.ca\/wp-content\/uploads\/2020\/03\/EC-DECLERATION-OF-CONFORMITY-FTEC.pdf\" target=\"_blank\" rel=\"noopener noreferrer\"><img decoding=\"async\" src=\"https:\/\/arieltech.ca\/wp-content\/uploads\/2020\/03\/pdf-1.gif\" \/><\/a><\/td>\n<\/tr>\n<tr>\n<th>Filtres de ventilateur<\/th>\n<td><a class=\"pdf\" href=\"https:\/\/arieltech.ca\/wp-content\/uploads\/2020\/03\/FTEC-series-CSA-Cert.pdf\" target=\"_blank\" rel=\"noopener noreferrer\"><img decoding=\"async\" src=\"https:\/\/arieltech.ca\/wp-content\/uploads\/2020\/03\/pdf-1.gif\" \/><\/a><\/td>\n<td><a class=\"pdf\" href=\"https:\/\/arieltech.ca\/wp-content\/uploads\/2020\/03\/FTEC-series-CSA-Cert.pdf\" target=\"_blank\" rel=\"noopener noreferrer\"><img decoding=\"async\" src=\"https:\/\/arieltech.ca\/wp-content\/uploads\/2020\/03\/pdf-1.gif\" \/><\/a><\/td>\n<td><a class=\"pdf\" href=\"https:\/\/arieltech.ca\/wp-content\/uploads\/2021\/06\/E497874-Vol1-Sec1-cUL.pdf\" target=\"_blank\" rel=\"noopener noreferrer\"><img decoding=\"async\" class=\"alignnone\" src=\"https:\/\/arieltech.ca\/wp-content\/uploads\/2020\/03\/pdf-1.gif\" alt=\"\" width=\"16\" height=\"16\" \/><\/a><\/td>\n<td><a class=\"pdf\" href=\"https:\/\/arieltech.ca\/wp-content\/uploads\/2021\/06\/E497874-Vol1-Sec1-UL.pdf\" target=\"_blank\" rel=\"noopener noreferrer\"><img decoding=\"async\" class=\"alignnone\" src=\"https:\/\/arieltech.ca\/wp-content\/uploads\/2020\/03\/pdf-1.gif\" alt=\"\" width=\"16\" height=\"16\" \/><\/a><\/td>\n<td><\/td>\n<td><\/td>\n<td><a class=\"pdf\" href=\"https:\/\/arieltech.ca\/wp-content\/uploads\/2020\/03\/EC-DECLERATION-OF-CONFORMITY-FTEC.pdf\" target=\"_blank\" rel=\"noopener noreferrer\"><img decoding=\"async\" src=\"https:\/\/arieltech.ca\/wp-content\/uploads\/2020\/03\/pdf-1.gif\" \/><\/a><\/td>\n<\/tr>\n<tr>\n<th>Thermostat normalement ferm\u00e9, TTEC-100<\/th>\n<td><a class=\"pdf\" href=\"https:\/\/arieltech.ca\/wp-content\/uploads\/2020\/03\/CSA-ARIELTECH-TTEC-AND-HYTEC.pdf\" target=\"_blank\" rel=\"noopener noreferrer\"><img decoding=\"async\" src=\"https:\/\/arieltech.ca\/wp-content\/uploads\/2020\/03\/pdf-1.gif\" \/><\/a><\/td>\n<td><a class=\"pdf\" href=\"https:\/\/arieltech.ca\/wp-content\/uploads\/2020\/03\/CSA-ARIELTECH-TTEC-AND-HYTEC.pdf\" target=\"_blank\" rel=\"noopener noreferrer\"><img decoding=\"async\" src=\"https:\/\/arieltech.ca\/wp-content\/uploads\/2020\/03\/pdf-1.gif\" \/><\/a><\/td>\n<td><\/td>\n<td><\/td>\n<td><a class=\"pdf\" href=\"https:\/\/arieltech.ca\/wp-content\/uploads\/2020\/03\/E484831-TTEC-and-HYTEC.pdf\" target=\"_blank\" rel=\"noopener noreferrer\"><img decoding=\"async\" src=\"https:\/\/arieltech.ca\/wp-content\/uploads\/2020\/03\/pdf-1.gif\" \/><\/a><\/td>\n<td><a class=\"pdf\" href=\"https:\/\/arieltech.ca\/wp-content\/uploads\/2020\/03\/E484831-TTEC-and-HYTEC.pdf\" target=\"_blank\" rel=\"noopener noreferrer\"><img decoding=\"async\" src=\"https:\/\/arieltech.ca\/wp-content\/uploads\/2020\/03\/pdf-1.gif\" \/><\/a><\/td>\n<td><a class=\"pdf\" href=\"https:\/\/arieltech.ca\/wp-content\/uploads\/2020\/03\/EC-DECLERATION-OF-CONFORMITY-TTEC-HYTEC.pdf\" target=\"_blank\" rel=\"noopener noreferrer\"><img decoding=\"async\" src=\"https:\/\/arieltech.ca\/wp-content\/uploads\/2020\/03\/pdf-1.gif\" \/><\/a><\/td>\n<\/tr>\n<tr>\n<th>Thermostat normalement ouvert, TTEC-200<\/th>\n<td><a class=\"pdf\" href=\"https:\/\/arieltech.ca\/wp-content\/uploads\/2020\/03\/CSA-ARIELTECH-TTEC-AND-HYTEC.pdf\" target=\"_blank\" rel=\"noopener noreferrer\"><img decoding=\"async\" src=\"https:\/\/arieltech.ca\/wp-content\/uploads\/2020\/03\/pdf-1.gif\" \/><\/a><\/td>\n<td><a class=\"pdf\" href=\"https:\/\/arieltech.ca\/wp-content\/uploads\/2020\/03\/CSA-ARIELTECH-TTEC-AND-HYTEC.pdf\" target=\"_blank\" rel=\"noopener noreferrer\"><img decoding=\"async\" src=\"https:\/\/arieltech.ca\/wp-content\/uploads\/2020\/03\/pdf-1.gif\" \/><\/a><\/td>\n<td><\/td>\n<td><\/td>\n<td><a class=\"pdf\" href=\"https:\/\/arieltech.ca\/wp-content\/uploads\/2020\/03\/E484831-TTEC-and-HYTEC.pdf\" target=\"_blank\" rel=\"noopener noreferrer\"><img decoding=\"async\" src=\"https:\/\/arieltech.ca\/wp-content\/uploads\/2020\/03\/pdf-1.gif\" \/><\/a><\/td>\n<td><a class=\"pdf\" href=\"https:\/\/arieltech.ca\/wp-content\/uploads\/2020\/03\/E484831-TTEC-and-HYTEC.pdf\" target=\"_blank\" rel=\"noopener noreferrer\"><img decoding=\"async\" src=\"https:\/\/arieltech.ca\/wp-content\/uploads\/2020\/03\/pdf-1.gif\" \/><\/a><\/td>\n<td><a class=\"pdf\" href=\"https:\/\/arieltech.ca\/wp-content\/uploads\/2020\/03\/EC-DECLERATION-OF-CONFORMITY-TTEC-HYTEC.pdf\" target=\"_blank\" rel=\"noopener noreferrer\"><img decoding=\"async\" src=\"https:\/\/arieltech.ca\/wp-content\/uploads\/2020\/03\/pdf-1.gif\" \/><\/a><\/td>\n<\/tr>\n<tr>\n<th>Hygrostat m\u00e9canique<\/th>\n<td><a class=\"pdf\" href=\"https:\/\/arieltech.ca\/wp-content\/uploads\/2020\/03\/CSA-ARIELTECH-TTEC-AND-HYTEC.pdf\" target=\"_blank\" rel=\"noopener noreferrer\"><img decoding=\"async\" src=\"https:\/\/arieltech.ca\/wp-content\/uploads\/2020\/03\/pdf-1.gif\" \/><\/a><\/td>\n<td><a class=\"pdf\" href=\"https:\/\/arieltech.ca\/wp-content\/uploads\/2020\/03\/CSA-ARIELTECH-TTEC-AND-HYTEC.pdf\" target=\"_blank\" rel=\"noopener noreferrer\"><img decoding=\"async\" src=\"https:\/\/arieltech.ca\/wp-content\/uploads\/2020\/03\/pdf-1.gif\" \/><\/a><\/td>\n<td><\/td>\n<td><\/td>\n<td><a class=\"pdf\" href=\"https:\/\/arieltech.ca\/wp-content\/uploads\/2020\/03\/E484831-TTEC-and-HYTEC.pdf\" target=\"_blank\" rel=\"noopener noreferrer\"><img decoding=\"async\" src=\"https:\/\/arieltech.ca\/wp-content\/uploads\/2020\/03\/pdf-1.gif\" \/><\/a><\/td>\n<td><a class=\"pdf\" href=\"https:\/\/arieltech.ca\/wp-content\/uploads\/2020\/03\/E484831-TTEC-and-HYTEC.pdf\" target=\"_blank\" rel=\"noopener noreferrer\"><img decoding=\"async\" src=\"https:\/\/arieltech.ca\/wp-content\/uploads\/2020\/03\/pdf-1.gif\" \/><\/a><\/td>\n<td><a class=\"pdf\" href=\"https:\/\/arieltech.ca\/wp-content\/uploads\/2020\/03\/EC-DECLERATION-OF-CONFORMITY-TTEC-HYTEC.pdf\" target=\"_blank\" rel=\"noopener noreferrer\"><img decoding=\"async\" src=\"https:\/\/arieltech.ca\/wp-content\/uploads\/2020\/03\/pdf-1.gif\" \/><\/a><\/td>\n<\/tr>\n<tr>\n<th>R\u00e9chauffeurs PTC<\/th>\n<td><\/td>\n<td><\/td>\n<td><\/td>\n<td><\/td>\n<td><\/td>\n<td><\/td>\n<td><a class=\"pdf\" href=\"https:\/\/arieltech.ca\/wp-content\/uploads\/2020\/03\/EC-DECLERATION-OF-CONFORMITY-HEATEC.pdf\" target=\"_blank\" rel=\"noopener noreferrer\"><img decoding=\"async\" src=\"https:\/\/arieltech.ca\/wp-content\/uploads\/2020\/03\/pdf-1.gif\" \/><\/a><\/td>\n<\/tr>\n<tr>\n<th>Ventilateurs CA axiaux<\/th>\n<td><\/td>\n<td><\/td>\n<td><\/td>\n<td><\/td>\n<td><a class=\"pdf\" href=\"https:\/\/arieltech.ca\/wp-content\/uploads\/2020\/03\/FANS-cRU.pdf\" target=\"_blank\" rel=\"noopener noreferrer\"><img decoding=\"async\" src=\"https:\/\/arieltech.ca\/wp-content\/uploads\/2020\/03\/pdf-1.gif\" \/><\/a><\/td>\n<td><a class=\"pdf\" href=\"https:\/\/arieltech.ca\/wp-content\/uploads\/2020\/07\/FANS-RUus.pdf\" target=\"_blank\" rel=\"noopener noreferrer\"><img decoding=\"async\" src=\"https:\/\/arieltech.ca\/wp-content\/uploads\/2020\/03\/pdf-1.gif\" \/><\/a><\/td>\n<td><a class=\"pdf\" href=\"https:\/\/arieltech.ca\/wp-content\/uploads\/2020\/03\/EC-DECLERATION-OF-CONFORMITY-FANTEC.pdf\" target=\"_blank\" rel=\"noopener noreferrer\"><img decoding=\"async\" src=\"https:\/\/arieltech.ca\/wp-content\/uploads\/2020\/03\/pdf-1.gif\" \/><\/a><\/td>\n<\/tr>\n<tr>\n<th>Unit\u00e9s de refroidissement thermo\u00e9lectriques<\/th>\n<td><\/td>\n<td><\/td>\n<td><\/td>\n<td><\/td>\n<td><\/td>\n<td><\/td>\n<td><a class=\"pdf\" href=\"https:\/\/arieltech.ca\/wp-content\/uploads\/2020\/03\/EC-DECLERATION-OF-CONFORMITY-COLTEC.pdf\" target=\"_blank\" rel=\"noopener noreferrer\"><img decoding=\"async\" src=\"https:\/\/arieltech.ca\/wp-content\/uploads\/2020\/03\/pdf-1.gif\" \/><\/a><\/td>\n<\/tr>\n<\/tbody>\n<\/table>\n<p>&nbsp;<\/p>\n","protected":false},"excerpt":{"rendered":"<p>Documents de certification Filtres d&rsquo;\u00e9chappement Filtres de ventilateur Thermostat normalement ferm\u00e9, TTEC-100 Thermostat normalement ouvert, TTEC-200 Hygrostat m\u00e9canique R\u00e9chauffeurs PTC Ventilateurs CA axiaux Unit\u00e9s de refroidissement thermo\u00e9lectriques &nbsp;<\/p>\n","protected":false},"author":1,"featured_media":0,"parent":0,"menu_order":0,"comment_status":"closed","ping_status":"closed","template":"","meta":{"_eb_attr":"","footnotes":""},"class_list":["post-1298","page","type-page","status-publish","hentry"],"yoast_head":"<!-- This site is optimized with the Yoast SEO plugin v25.6 - https:\/\/yoast.com\/wordpress\/plugins\/seo\/ -->\n<title>Certificats | Ariel Tech<\/title>\n<meta name=\"robots\" content=\"index, follow, max-snippet:-1, max-image-preview:large, max-video-preview:-1\" \/>\n<link rel=\"canonical\" href=\"https:\/\/arieltech.ca\/certificates\/\" \/>\n<meta property=\"og:locale\" content=\"fr_FR\" \/>\n<meta property=\"og:type\" content=\"article\" \/>\n<meta property=\"og:title\" content=\"Certificats | Ariel Tech\" \/>\n<meta property=\"og:description\" content=\"Documents de certification Filtres d&rsquo;\u00e9chappement Filtres de ventilateur Thermostat normalement ferm\u00e9, TTEC-100 Thermostat normalement ouvert, TTEC-200 Hygrostat m\u00e9canique R\u00e9chauffeurs PTC Ventilateurs CA axiaux Unit\u00e9s de refroidissement thermo\u00e9lectriques &nbsp;\" \/>\n<meta property=\"og:url\" content=\"https:\/\/arieltech.ca\/certificates\/\" \/>\n<meta property=\"og:site_name\" content=\"Ariel Tech\" \/>\n<meta property=\"article:modified_time\" content=\"2021-06-21T08:19:17+00:00\" \/>\n<meta property=\"og:image\" content=\"https:\/\/arieltech.ca\/wp-content\/uploads\/2020\/03\/cCSA.jpg\" \/>\n<meta name=\"twitter:card\" content=\"summary_large_image\" \/>\n<meta name=\"twitter:label1\" content=\"Dur\u00e9e de lecture estim\u00e9e\" \/>\n\t<meta name=\"twitter:data1\" content=\"8 minutes\" \/>\n<script type=\"application\/ld+json\" class=\"yoast-schema-graph\">{\"@context\":\"https:\/\/schema.org\",\"@graph\":[{\"@type\":\"WebPage\",\"@id\":\"https:\/\/arieltech.ca\/certificates\/\",\"url\":\"https:\/\/arieltech.ca\/certificates\/\",\"name\":\"Certificats | Ariel Tech\",\"isPartOf\":{\"@id\":\"https:\/\/arieltech.ca\/#website\"},\"primaryImageOfPage\":{\"@id\":\"https:\/\/arieltech.ca\/certificates\/#primaryimage\"},\"image\":{\"@id\":\"https:\/\/arieltech.ca\/certificates\/#primaryimage\"},\"thumbnailUrl\":\"https:\/\/arieltech.ca\/wp-content\/uploads\/2020\/03\/cCSA.jpg\",\"datePublished\":\"2019-06-12T15:50:31+00:00\",\"dateModified\":\"2021-06-21T08:19:17+00:00\",\"breadcrumb\":{\"@id\":\"https:\/\/arieltech.ca\/certificates\/#breadcrumb\"},\"inLanguage\":\"fr-FR\",\"potentialAction\":[{\"@type\":\"ReadAction\",\"target\":[\"https:\/\/arieltech.ca\/certificates\/\"]}]},{\"@type\":\"ImageObject\",\"inLanguage\":\"fr-FR\",\"@id\":\"https:\/\/arieltech.ca\/certificates\/#primaryimage\",\"url\":\"https:\/\/arieltech.ca\/wp-content\/uploads\/2020\/03\/cCSA.jpg\",\"contentUrl\":\"https:\/\/arieltech.ca\/wp-content\/uploads\/2020\/03\/cCSA.jpg\"},{\"@type\":\"BreadcrumbList\",\"@id\":\"https:\/\/arieltech.ca\/certificates\/#breadcrumb\",\"itemListElement\":[{\"@type\":\"ListItem\",\"position\":1,\"name\":\"Home\",\"item\":\"https:\/\/arieltech.ca\/\"},{\"@type\":\"ListItem\",\"position\":2,\"name\":\"Certificats\"}]},{\"@type\":\"WebSite\",\"@id\":\"https:\/\/arieltech.ca\/#website\",\"url\":\"https:\/\/arieltech.ca\/\",\"name\":\"Ariel Tech\",\"description\":\"La meilleure protection pour les armoires \u00e9lectriques\",\"potentialAction\":[{\"@type\":\"SearchAction\",\"target\":{\"@type\":\"EntryPoint\",\"urlTemplate\":\"https:\/\/arieltech.ca\/?s={search_term_string}\"},\"query-input\":{\"@type\":\"PropertyValueSpecification\",\"valueRequired\":true,\"valueName\":\"search_term_string\"}}],\"inLanguage\":\"fr-FR\"}]}<\/script>\n<!-- \/ Yoast SEO plugin. -->","yoast_head_json":{"title":"Certificats | Ariel Tech","robots":{"index":"index","follow":"follow","max-snippet":"max-snippet:-1","max-image-preview":"max-image-preview:large","max-video-preview":"max-video-preview:-1"},"canonical":"https:\/\/arieltech.ca\/certificates\/","og_locale":"fr_FR","og_type":"article","og_title":"Certificats | Ariel Tech","og_description":"Documents de certification Filtres d&rsquo;\u00e9chappement Filtres de ventilateur Thermostat normalement ferm\u00e9, TTEC-100 Thermostat normalement ouvert, TTEC-200 Hygrostat m\u00e9canique R\u00e9chauffeurs PTC Ventilateurs CA axiaux Unit\u00e9s de refroidissement thermo\u00e9lectriques &nbsp;","og_url":"https:\/\/arieltech.ca\/certificates\/","og_site_name":"Ariel Tech","article_modified_time":"2021-06-21T08:19:17+00:00","og_image":[{"url":"https:\/\/arieltech.ca\/wp-content\/uploads\/2020\/03\/cCSA.jpg","type":"","width":"","height":""}],"twitter_card":"summary_large_image","twitter_misc":{"Dur\u00e9e de lecture estim\u00e9e":"8 minutes"},"schema":{"@context":"https:\/\/schema.org","@graph":[{"@type":"WebPage","@id":"https:\/\/arieltech.ca\/certificates\/","url":"https:\/\/arieltech.ca\/certificates\/","name":"Certificats | Ariel Tech","isPartOf":{"@id":"https:\/\/arieltech.ca\/#website"},"primaryImageOfPage":{"@id":"https:\/\/arieltech.ca\/certificates\/#primaryimage"},"image":{"@id":"https:\/\/arieltech.ca\/certificates\/#primaryimage"},"thumbnailUrl":"https:\/\/arieltech.ca\/wp-content\/uploads\/2020\/03\/cCSA.jpg","datePublished":"2019-06-12T15:50:31+00:00","dateModified":"2021-06-21T08:19:17+00:00","breadcrumb":{"@id":"https:\/\/arieltech.ca\/certificates\/#breadcrumb"},"inLanguage":"fr-FR","potentialAction":[{"@type":"ReadAction","target":["https:\/\/arieltech.ca\/certificates\/"]}]},{"@type":"ImageObject","inLanguage":"fr-FR","@id":"https:\/\/arieltech.ca\/certificates\/#primaryimage","url":"https:\/\/arieltech.ca\/wp-content\/uploads\/2020\/03\/cCSA.jpg","contentUrl":"https:\/\/arieltech.ca\/wp-content\/uploads\/2020\/03\/cCSA.jpg"},{"@type":"BreadcrumbList","@id":"https:\/\/arieltech.ca\/certificates\/#breadcrumb","itemListElement":[{"@type":"ListItem","position":1,"name":"Home","item":"https:\/\/arieltech.ca\/"},{"@type":"ListItem","position":2,"name":"Certificats"}]},{"@type":"WebSite","@id":"https:\/\/arieltech.ca\/#website","url":"https:\/\/arieltech.ca\/","name":"Ariel Tech","description":"La meilleure protection pour les armoires \u00e9lectriques","potentialAction":[{"@type":"SearchAction","target":{"@type":"EntryPoint","urlTemplate":"https:\/\/arieltech.ca\/?s={search_term_string}"},"query-input":{"@type":"PropertyValueSpecification","valueRequired":true,"valueName":"search_term_string"}}],"inLanguage":"fr-FR"}]}},"_links":{"self":[{"href":"https:\/\/arieltech.ca\/fr\/wp-json\/wp\/v2\/pages\/1298","targetHints":{"allow":["GET"]}}],"collection":[{"href":"https:\/\/arieltech.ca\/fr\/wp-json\/wp\/v2\/pages"}],"about":[{"href":"https:\/\/arieltech.ca\/fr\/wp-json\/wp\/v2\/types\/page"}],"author":[{"embeddable":true,"href":"https:\/\/arieltech.ca\/fr\/wp-json\/wp\/v2\/users\/1"}],"replies":[{"embeddable":true,"href":"https:\/\/arieltech.ca\/fr\/wp-json\/wp\/v2\/comments?post=1298"}],"version-history":[{"count":2,"href":"https:\/\/arieltech.ca\/fr\/wp-json\/wp\/v2\/pages\/1298\/revisions"}],"predecessor-version":[{"id":5667,"href":"https:\/\/arieltech.ca\/fr\/wp-json\/wp\/v2\/pages\/1298\/revisions\/5667"}],"wp:attachment":[{"href":"https:\/\/arieltech.ca\/fr\/wp-json\/wp\/v2\/media?parent=1298"}],"curies":[{"name":"wp","href":"https:\/\/api.w.org\/{rel}","templated":true}]}}