{"id":1285,"date":"2019-06-12T10:32:15","date_gmt":"2019-06-12T14:32:15","guid":{"rendered":"http:\/\/geekpowerdev.com\/ariel-french\/?page_id=1285"},"modified":"2019-06-14T16:18:51","modified_gmt":"2019-06-14T20:18:51","slug":"politique-de-qualite","status":"publish","type":"page","link":"https:\/\/arieltech.ca\/fr\/politique-de-qualite\/","title":{"rendered":"Politique de qualit\u00e9"},"content":{"rendered":"<p><strong>\u00c0 PROPOS DE CETTE POLITIQUE<\/strong><\/p>\n<p>En fonctionnant comme une entreprise prosp\u00e8re, nous menons toutes nos activit\u00e9s de mani\u00e8re durable et recherchons une am\u00e9lioration continue de tous les aspects de notre activit\u00e9.<\/p>\n<p>Dans le cadre de notre engagement en faveur de l&rsquo;am\u00e9lioration continue, de l&rsquo;orientation client et du respect de toutes les exigences l\u00e9gales et r\u00e9glementaires, le programme qualit\u00e9 de l&rsquo;entreprise repose sur des principes qui identifient, g\u00e8rent et \u00e9valuent nos activit\u00e9s cl\u00e9s et r\u00e9duisent les processus, les personnes, la sant\u00e9 et la s\u00e9curit\u00e9. risques de s\u00e9curit\u00e9.<\/p>\n<p><strong>NOTRE PLANIFICATION<\/strong><\/p>\n<ul>\n<li>Inclure des consid\u00e9rations de qualit\u00e9 et d&rsquo;am\u00e9lioration continue dans toutes nos prises de d\u00e9cision.<\/li>\n<li>Fournir un soutien et des ressources ad\u00e9quats aux personnes \u00e0 tous les niveaux afin de s\u2019acquitter de leurs responsabilit\u00e9s.<\/li>\n<li>Mettre en place des syst\u00e8mes qualit\u00e9, des normes et des processus permettant \u00e0 toutes les activit\u00e9s d&rsquo;\u00eatre men\u00e9es de mani\u00e8re durable.<\/li>\n<li>Mener des examens r\u00e9guliers des performances de l&rsquo;entreprise et mettre en \u0153uvre les am\u00e9liorations n\u00e9cessaires.<\/li>\n<li>Am\u00e9liorer continuellement la performance qualit\u00e9 de l&rsquo;entreprise.<\/li>\n<li> Am\u00e9liorer continuellement l&rsquo;assurance qualit\u00e9 de l&rsquo;entreprise.<\/li>\n<\/ul>\n<\/p>\n<p><strong>NOS PRATIQUES<\/strong><\/p>\n<ul>\n<li>Respecter les normes de qualit\u00e9 dans toutes les activit\u00e9s cl\u00e9s de l&rsquo;entreprise.<\/li>\n<li>\u00e9valuer la qualit\u00e9 des activit\u00e9s de l&rsquo;entreprise.<\/li>\n<li> Planifiez, concevez et terminez toutes les activit\u00e9s de mani\u00e8re \u00e0 r\u00e9duire ou \u00e0 \u00e9liminer les risques et les dangers.<\/li>\n<li>Respecter les normes de qualit\u00e9, la l\u00e9gislation, les r\u00e9glementations et les codes de pratique applicables.<\/li>\n<\/ul>\n<\/p>\n<p><strong>Notre peuple<\/strong><\/p>\n<ul>\n<li>Nommer des personnes comp\u00e9tentes et exp\u00e9riment\u00e9es pour effectuer un travail ax\u00e9 sur la qualit\u00e9, conforme \u00e0 l&rsquo;assurance de la qualit\u00e9 d&rsquo;Arieltech et aux exigences de la pr\u00e9sente politique.<\/li>\n<li>Donner \u00e0 notre personnel l\u2019occasion d\u2019acqu\u00e9rir les connaissances, les comp\u00e9tences et les comportements appropri\u00e9s pour faire en sorte que chaque activit\u00e9 ou t\u00e2che soit r\u00e9alis\u00e9e avec la plus grande attention port\u00e9e aux d\u00e9tails et \u00e0 la qualit\u00e9.<\/li>\n<li>Surveillez continuellement tous les fournisseurs et les sous-traitants pour vous assurer qu&rsquo;ils se conforment et effectuent leur travail conform\u00e9ment \u00e0 l&rsquo;assurance de la qualit\u00e9 d&rsquo;Arieltech et aux exigences de cette politique.<\/li>\n<li>Communiquer avec les principales parties prenantes concern\u00e9es sur les performances et l&rsquo;assurance qualit\u00e9 de l&rsquo;entreprise.<\/li>\n<\/ul>\n","protected":false},"excerpt":{"rendered":"<p>\u00c0 PROPOS DE CETTE POLITIQUE En fonctionnant comme une entreprise prosp\u00e8re, nous menons toutes nos activit\u00e9s de mani\u00e8re durable et recherchons une am\u00e9lioration continue de tous les aspects de notre activit\u00e9. Dans le cadre de notre engagement en faveur de l&rsquo;am\u00e9lioration continue, de l&rsquo;orientation client et du respect de toutes les exigences l\u00e9gales et r\u00e9glementaires, &hellip; <\/p>\n<p class=\"link-more\"><a href=\"https:\/\/arieltech.ca\/fr\/politique-de-qualite\/\" class=\"more-link\">Continue reading<span class=\"screen-reader-text\"> \u00ab\u00a0Politique de qualit\u00e9\u00a0\u00bb<\/span><\/a><\/p>\n","protected":false},"author":1,"featured_media":955,"parent":0,"menu_order":0,"comment_status":"closed","ping_status":"closed","template":"","meta":{"_eb_attr":"","footnotes":""},"class_list":["post-1285","page","type-page","status-publish","has-post-thumbnail","hentry"],"yoast_head":"<!-- This site is optimized with the Yoast SEO plugin v25.6 - https:\/\/yoast.com\/wordpress\/plugins\/seo\/ -->\n<title>Politique de qualit\u00e9 | Ariel Tech<\/title>\n<meta name=\"robots\" content=\"index, follow, max-snippet:-1, max-image-preview:large, max-video-preview:-1\" \/>\n<link rel=\"canonical\" href=\"https:\/\/arieltech.ca\/policy\/\" \/>\n<meta property=\"og:locale\" content=\"fr_FR\" \/>\n<meta property=\"og:type\" content=\"article\" \/>\n<meta property=\"og:title\" content=\"Politique de qualit\u00e9 | Ariel Tech\" \/>\n<meta property=\"og:description\" content=\"\u00c0 PROPOS DE CETTE POLITIQUE En fonctionnant comme une entreprise prosp\u00e8re, nous menons toutes nos activit\u00e9s de mani\u00e8re durable et recherchons une am\u00e9lioration continue de tous les aspects de notre activit\u00e9. Dans le cadre de notre engagement en faveur de l&rsquo;am\u00e9lioration continue, de l&rsquo;orientation client et du respect de toutes les exigences l\u00e9gales et r\u00e9glementaires, &hellip; Continue reading &quot;Politique de qualit\u00e9&quot;\" \/>\n<meta property=\"og:url\" content=\"https:\/\/arieltech.ca\/policy\/\" \/>\n<meta property=\"og:site_name\" content=\"Ariel Tech\" \/>\n<meta property=\"article:modified_time\" content=\"2019-06-14T20:18:51+00:00\" \/>\n<meta property=\"og:image\" content=\"https:\/\/arieltech.ca\/wp-content\/uploads\/2019\/04\/CertificateHeader-3.jpg\" \/>\n\t<meta property=\"og:image:width\" content=\"1170\" \/>\n\t<meta property=\"og:image:height\" content=\"308\" \/>\n\t<meta property=\"og:image:type\" content=\"image\/jpeg\" \/>\n<meta name=\"twitter:card\" content=\"summary_large_image\" \/>\n<meta name=\"twitter:label1\" content=\"Dur\u00e9e de lecture estim\u00e9e\" \/>\n\t<meta name=\"twitter:data1\" content=\"2 minutes\" \/>\n<script type=\"application\/ld+json\" class=\"yoast-schema-graph\">{\"@context\":\"https:\/\/schema.org\",\"@graph\":[{\"@type\":\"WebPage\",\"@id\":\"https:\/\/arieltech.ca\/policy\/\",\"url\":\"https:\/\/arieltech.ca\/policy\/\",\"name\":\"Politique de qualit\u00e9 | Ariel Tech\",\"isPartOf\":{\"@id\":\"https:\/\/arieltech.ca\/#website\"},\"primaryImageOfPage\":{\"@id\":\"https:\/\/arieltech.ca\/policy\/#primaryimage\"},\"image\":{\"@id\":\"https:\/\/arieltech.ca\/policy\/#primaryimage\"},\"thumbnailUrl\":\"https:\/\/arieltech.ca\/wp-content\/uploads\/2019\/04\/CertificateHeader-3.jpg\",\"datePublished\":\"2019-06-12T14:32:15+00:00\",\"dateModified\":\"2019-06-14T20:18:51+00:00\",\"breadcrumb\":{\"@id\":\"https:\/\/arieltech.ca\/policy\/#breadcrumb\"},\"inLanguage\":\"fr-FR\",\"potentialAction\":[{\"@type\":\"ReadAction\",\"target\":[\"https:\/\/arieltech.ca\/policy\/\"]}]},{\"@type\":\"ImageObject\",\"inLanguage\":\"fr-FR\",\"@id\":\"https:\/\/arieltech.ca\/policy\/#primaryimage\",\"url\":\"https:\/\/arieltech.ca\/wp-content\/uploads\/2019\/04\/CertificateHeader-3.jpg\",\"contentUrl\":\"https:\/\/arieltech.ca\/wp-content\/uploads\/2019\/04\/CertificateHeader-3.jpg\",\"width\":1170,\"height\":308},{\"@type\":\"BreadcrumbList\",\"@id\":\"https:\/\/arieltech.ca\/policy\/#breadcrumb\",\"itemListElement\":[{\"@type\":\"ListItem\",\"position\":1,\"name\":\"Home\",\"item\":\"https:\/\/arieltech.ca\/\"},{\"@type\":\"ListItem\",\"position\":2,\"name\":\"Politique de qualit\u00e9\"}]},{\"@type\":\"WebSite\",\"@id\":\"https:\/\/arieltech.ca\/#website\",\"url\":\"https:\/\/arieltech.ca\/\",\"name\":\"Ariel Tech\",\"description\":\"La meilleure protection pour les armoires \u00e9lectriques\",\"potentialAction\":[{\"@type\":\"SearchAction\",\"target\":{\"@type\":\"EntryPoint\",\"urlTemplate\":\"https:\/\/arieltech.ca\/?s={search_term_string}\"},\"query-input\":{\"@type\":\"PropertyValueSpecification\",\"valueRequired\":true,\"valueName\":\"search_term_string\"}}],\"inLanguage\":\"fr-FR\"}]}<\/script>\n<!-- \/ Yoast SEO plugin. -->","yoast_head_json":{"title":"Politique de qualit\u00e9 | Ariel Tech","robots":{"index":"index","follow":"follow","max-snippet":"max-snippet:-1","max-image-preview":"max-image-preview:large","max-video-preview":"max-video-preview:-1"},"canonical":"https:\/\/arieltech.ca\/policy\/","og_locale":"fr_FR","og_type":"article","og_title":"Politique de qualit\u00e9 | Ariel Tech","og_description":"\u00c0 PROPOS DE CETTE POLITIQUE En fonctionnant comme une entreprise prosp\u00e8re, nous menons toutes nos activit\u00e9s de mani\u00e8re durable et recherchons une am\u00e9lioration continue de tous les aspects de notre activit\u00e9. Dans le cadre de notre engagement en faveur de l&rsquo;am\u00e9lioration continue, de l&rsquo;orientation client et du respect de toutes les exigences l\u00e9gales et r\u00e9glementaires, &hellip; Continue reading \"Politique de qualit\u00e9\"","og_url":"https:\/\/arieltech.ca\/policy\/","og_site_name":"Ariel Tech","article_modified_time":"2019-06-14T20:18:51+00:00","og_image":[{"width":1170,"height":308,"url":"https:\/\/arieltech.ca\/wp-content\/uploads\/2019\/04\/CertificateHeader-3.jpg","type":"image\/jpeg"}],"twitter_card":"summary_large_image","twitter_misc":{"Dur\u00e9e de lecture estim\u00e9e":"2 minutes"},"schema":{"@context":"https:\/\/schema.org","@graph":[{"@type":"WebPage","@id":"https:\/\/arieltech.ca\/policy\/","url":"https:\/\/arieltech.ca\/policy\/","name":"Politique de qualit\u00e9 | Ariel Tech","isPartOf":{"@id":"https:\/\/arieltech.ca\/#website"},"primaryImageOfPage":{"@id":"https:\/\/arieltech.ca\/policy\/#primaryimage"},"image":{"@id":"https:\/\/arieltech.ca\/policy\/#primaryimage"},"thumbnailUrl":"https:\/\/arieltech.ca\/wp-content\/uploads\/2019\/04\/CertificateHeader-3.jpg","datePublished":"2019-06-12T14:32:15+00:00","dateModified":"2019-06-14T20:18:51+00:00","breadcrumb":{"@id":"https:\/\/arieltech.ca\/policy\/#breadcrumb"},"inLanguage":"fr-FR","potentialAction":[{"@type":"ReadAction","target":["https:\/\/arieltech.ca\/policy\/"]}]},{"@type":"ImageObject","inLanguage":"fr-FR","@id":"https:\/\/arieltech.ca\/policy\/#primaryimage","url":"https:\/\/arieltech.ca\/wp-content\/uploads\/2019\/04\/CertificateHeader-3.jpg","contentUrl":"https:\/\/arieltech.ca\/wp-content\/uploads\/2019\/04\/CertificateHeader-3.jpg","width":1170,"height":308},{"@type":"BreadcrumbList","@id":"https:\/\/arieltech.ca\/policy\/#breadcrumb","itemListElement":[{"@type":"ListItem","position":1,"name":"Home","item":"https:\/\/arieltech.ca\/"},{"@type":"ListItem","position":2,"name":"Politique de qualit\u00e9"}]},{"@type":"WebSite","@id":"https:\/\/arieltech.ca\/#website","url":"https:\/\/arieltech.ca\/","name":"Ariel Tech","description":"La meilleure protection pour les armoires \u00e9lectriques","potentialAction":[{"@type":"SearchAction","target":{"@type":"EntryPoint","urlTemplate":"https:\/\/arieltech.ca\/?s={search_term_string}"},"query-input":{"@type":"PropertyValueSpecification","valueRequired":true,"valueName":"search_term_string"}}],"inLanguage":"fr-FR"}]}},"_links":{"self":[{"href":"https:\/\/arieltech.ca\/fr\/wp-json\/wp\/v2\/pages\/1285","targetHints":{"allow":["GET"]}}],"collection":[{"href":"https:\/\/arieltech.ca\/fr\/wp-json\/wp\/v2\/pages"}],"about":[{"href":"https:\/\/arieltech.ca\/fr\/wp-json\/wp\/v2\/types\/page"}],"author":[{"embeddable":true,"href":"https:\/\/arieltech.ca\/fr\/wp-json\/wp\/v2\/users\/1"}],"replies":[{"embeddable":true,"href":"https:\/\/arieltech.ca\/fr\/wp-json\/wp\/v2\/comments?post=1285"}],"version-history":[{"count":0,"href":"https:\/\/arieltech.ca\/fr\/wp-json\/wp\/v2\/pages\/1285\/revisions"}],"wp:featuredmedia":[{"embeddable":true,"href":"https:\/\/arieltech.ca\/fr\/wp-json\/wp\/v2\/media\/955"}],"wp:attachment":[{"href":"https:\/\/arieltech.ca\/fr\/wp-json\/wp\/v2\/media?parent=1285"}],"curies":[{"name":"wp","href":"https:\/\/api.w.org\/{rel}","templated":true}]}}