{"id":1244,"date":"2019-03-28T19:08:01","date_gmt":"2019-03-28T19:08:01","guid":{"rendered":"http:\/\/localhost\/ariel-french\/?page_id=1244"},"modified":"2019-06-14T11:05:13","modified_gmt":"2019-06-14T15:05:13","slug":"warranty","status":"publish","type":"page","link":"https:\/\/arieltech.ca\/fr\/warranty\/","title":{"rendered":"Garantie"},"content":{"rendered":"<p><strong>Garantie standard pour tous les produits<\/strong><\/p>\n<p>Ariel Technology, Inc. (\u00ab\u00a0Fabricant\u00a0\u00bb)<\/p>\n<p>Ariel Technology Inc. est le fabricant (le \u00abfabricant\u00bb) des produits (les \u00abproduits\u00bb). contenues dans le manuel d&rsquo;instructions des produits et les catalogues de produits. Cette garantie uniquement s&rsquo;applique aux produits fabriqu\u00e9s par le fabricant.<\/p>\n<p><strong>Conditions de garantie (\u00abConditions de garantie\u00bb):<\/strong><\/p>\n<ol>\n<li> Le fabricant garantit qu&rsquo;\u00e0 la date d&rsquo;exp\u00e9dition les produits sont du genre et qualit\u00e9 d\u00e9crite dans le pr\u00e9sent document et sont exemptes de non-conformit\u00e9s de fabrication et de mat\u00e9riaux. Le recours exclusif de l\u2019Acheteur en cas de non-conformit\u00e9 de tout \u00e9l\u00e9ment des Produits est la remplacement (au choix du fabricant) de l&rsquo;article et de toute partie affect\u00e9e des produits, \u00e0 condition que: (a) le produit non conforme ait \u00e9chou\u00e9 lors de l&rsquo;utilisation normale, pr\u00e9vue et appropri\u00e9e le manuel d&rsquo;instructions du produit et le catalogue de produits de ce produit; (b) l&rsquo;\u00e9chec n&rsquo;est pas attribuable \u00e0 une application, stockage, manipulation, modification, installation inappropri\u00e9e ou non autoris\u00e9e Ou utiliser; et c) le fabricant a la possibilit\u00e9 raisonnable d\u2019inspecter les pi\u00e8ces non conformes. produit conforme.<\/li>\n<li>L\u2019obligation du fabricant de r\u00e9parer ou de remplacer est valable pour une p\u00e9riode d\u2019un (1) an \u00e0 compter de la premi\u00e8re utilisation des produits mais pas plus de dix-huit (18) mois \u00e0 compter de la L\u2019envoi des produits par le fabricant, \u00e0 condition que l\u2019acheteur ait envoy\u00e9 une notification \u00e9crite dans les au fabricant, le d\u00e9lai pendant lequel les produits ne sont pas conformes \u00e0 la garantie susmentionn\u00e9e. Tout produit remplac\u00e9 sera garanti pour le reste de la p\u00e9riode de notification initiale. ci-dessus, mais en aucun cas moins de 12 mois \u00e0 compter de la r\u00e9paration ou du remplacement. \u00c0 ses frais, l\u2019acheteur doit retirer et exp\u00e9dier au fabricant ces \u00e9l\u00e9ments non conformes et doit r\u00e9installez le produit remplac\u00e9. L&rsquo;adresse d&rsquo;exp\u00e9dition du fabricant est la suivante: Unit\u00e9 9-1111 Rue Gorham, Newmarket, ON L3Y 8X8. L\u2019acheteur doit donner au fabricant l\u2019acc\u00e8s au Produit (destin\u00e9 \u00e0 \u00eatre remplac\u00e9) \u00e0 tout moment raisonnable pour que le fabricant puisse d\u00e9terminer toute non-conformit\u00e9 dans le produit. Le fabricant a le droit de disposer du produit remplac\u00e9 par celui-ci. Si le fabricant ne peut ou ne veut pas remplacer, ou si Le produit de remplacement ne corrige pas la non-conformit\u00e9, le fabricant et l&rsquo;acheteur doivent n\u00e9gocier un ajustement \u00e9quitable du prix d\u2019achat, qui peut inclure ou non une garantie compl\u00e8te remboursement du prix de ce produit non conforme.<\/li>\n<li>Sauf indication contraire dans le manuel d&rsquo;instructions du produit, le fabricant ne mandat et n&rsquo;est pas responsable de:((i) D\u00e9faillances, d\u00e9fauts ou limitations de performances caus\u00e9s par ou dus \u00e0 tout ou partie de: pannes de courant \/ pannes ou surtensions, eau ou inondations, neige, glace, conditions m\u00e9t\u00e9orologiques, telles que temp\u00e9ratures extr\u00eamement froides ou chaudes, taux d&rsquo;humidit\u00e9 excessifs, accidents, utilisation de produits environnements corrosifs, d\u00e9faillance caus\u00e9e par des actions de tiers, actes de Dieu, ou autres \u00e9v\u00e9nements hors du contr\u00f4le du fabricant; b) non-conformit\u00e9 du client avec le Manuel d\u2019instructions et catalogues de produits du fabricant, n\u00e9gligence, mauvaise manipulation, utilisation ou stockage inappropri\u00e9, tente de r\u00e9parer ou de modifier les produits de quelque mani\u00e8re que ce soit en consultant Fabricant et entretien des produits; et c) l&rsquo;utilisation de produits en combinaison avec d&rsquo;autres \u00e9quipements ou produits d\u00e9pourvus d\u2019agr\u00e9ment de qualit\u00e9 par une agence qualifi\u00e9e Toute alternance ou modifications \u00e0 l\u2019ensemble ou \u00e0 une partie du produit sans l\u2019accord \u00e9crit pr\u00e9alable du fabricant. autorisation annule cette garantie.\n<\/li>\n<li>LE FABRICANT REFUSE PAR LA PRESENTE TOUTES LES AUTRES REPRESENTATIONS, CONDITIONS ET GARANTIES, EXPLICITES OU IMPLICITES, Y COMPRIS CEUX CONTENU DANS LA LOI SUR LA VENTE DE MARCHANDISES, ONTARIO, R.S.O. 1990, c. S.1. ET LE CODE CIVIL DU QU\u00c9BEC, RLRQ CCQ-1991. LE FABRICANT SP\u00c9CIFIQUEMENT LIMITATION DE NON-RESPONSABILIT\u00c9, Y COMPRIS PAR EXEMPLE ET NON LIMITATIVE, GARANTIES DE PROPRI\u00c9T\u00c9, DE QUALIT\u00c9 MARCHANDE, DE NON-VIOLATION ET D\u2019ADAPTATION \u00c0 UNE RAISON PARTICULI\u00c8RE. EN AUCUN CAS, LE FABRICANT NE POURRA \u00caTRE TENU RESPONSABLE DE TOUT DOMMAGE ACCIDENTEL, SP\u00c9CIAL, CONS\u00c9CUTIF OU PUNITIF, SI D\u00c9COULANT EN CONTRAT, EN D\u00c9LIT OU AUTREMENT EN TOUT PRINCIPE JURIDIQUE, TH\u00c9ORIE OU LOIS, M\u00caME SI ELLE A \u00c9T\u00c9 AVIS\u00c9E DE LA POSSIBILIT\u00c9 DE TELLES D\u00c9G\u00c2TS. LES LIMITATIONS INDIQU\u00c9ES ICI S&rsquo;APPLIQUERONT M\u00caME SI LES RECOURS DE CORRECTION DES ERREURS, DE R\u00c9PARATION OU DE REMPLACEMENT, DE REPERFORMANCE DE SERVICES ET REMBOURSEMENT DES PAIEMENTS ENTI\u00c8REMENT \u00c9CHOU\u00c9S DE LEUR ESSENTIEL OBJECTIF. S\u2019IL Y A RIEN DANS LE CONTRAIRE, LA LIMITE DE RESPONSABILITE DU FABRICANT (DANS LE CADRE DU CONTRAT, DU TORT, DE LA NEGLIGENCE, DU STRICT RESPONSABILITE STATUAIRE OU AUTREMENT) DU CLIENT OU DE TOUT TIERS CONCERNANT LES PRODUITS DU FABRICANT VENDUS \u00c0 LA CLIENT\u00c8LE \u200b\u200bET AUX GARANTIS PAR LES PR\u00c9SENTES, LES R\u00c9SULTATS DU FABRICANT OU NON-PERFORMANCE OU DE TOUTE MANI\u00c8RE LI\u00c9E \u00c0 CETTE GARANTIE STANDARD CONDITIONS, POUR TOUTES LES R\u00c9CLAMATIONS, DANS L\u2019AGR\u00c9GAT, NE D\u00c9PASSERA PAS LA MONTANTS R\u00c9ELS RE\u00c7US PAR LE FABRICANT POUR LE PRODUIT SP\u00c9CIFIQUE AVEC RESPECT DE CETTE R\u00c9CLAMATION.<\/li>\n<li>L&rsquo;Acheteur et ses successeurs sont limit\u00e9s aux recours sp\u00e9cifi\u00e9s dans cette garantie et devront ne pas avoir d&rsquo;autres pour une non-conformit\u00e9 dans les produits. L\u2019acheteur accepte que ces recours fournissent L\u2019acheteur et ses successeurs disposent d\u2019un recours minimum ad\u00e9quat et constituent leur recours exclusif, les recours de l\u2019acheteur ou de ses successeurs sont fond\u00e9s sur le contrat, la garantie, la responsabilit\u00e9 d\u00e9lictuelle (y compris n\u00e9gligence), de responsabilit\u00e9 stricte, d\u2019indemnisation ou de toute autre th\u00e9orie juridique, et qu\u2019il d\u00e9coule de garanties, repr\u00e9sentations, instructions, installations ou non-conformit\u00e9s de quelque cause que ce soit.<\/li>\n<li>Les conditions de garantie sont r\u00e9gies et doivent \u00eatre interpr\u00e9t\u00e9es en vertu des lois de l&rsquo;Ontario, Canada. En cas de litige pouvant survenir entre le client et le fabricant, le client  Les tribunaux de l\u2019Ontario sont seuls comp\u00e9tents pour r\u00e9gler ces diff\u00e9rends. Le fabricant et le client accepte explicitement que les conditions de la loi intitul\u00e9e Sales of Goods Act, Ontario, R.S.O. 1990, chap. S.1, et la Convention des Nations Unies sur les contrats de vente internationale de marchandises ne ne s\u2019applique pas aux parties ni \u00e0 aucune transaction entre le fabricant et le client.<\/li>\n<\/ol>\n<p>Num\u00e9ro d&rsquo;assistance \u00e0 la client\u00e8le d&rsquo;Ariel Technology Inc.: (905) 895-5900<\/p>\n","protected":false},"excerpt":{"rendered":"<p>Garantie standard pour tous les produits Ariel Technology, Inc. (\u00ab\u00a0Fabricant\u00a0\u00bb) Ariel Technology Inc. est le fabricant (le \u00abfabricant\u00bb) des produits (les \u00abproduits\u00bb). contenues dans le manuel d&rsquo;instructions des produits et les catalogues de produits. Cette garantie uniquement s&rsquo;applique aux produits fabriqu\u00e9s par le fabricant. Conditions de garantie (\u00abConditions de garantie\u00bb): Le fabricant garantit qu&rsquo;\u00e0 la &hellip; <\/p>\n<p class=\"link-more\"><a href=\"https:\/\/arieltech.ca\/fr\/warranty\/\" class=\"more-link\">Continue reading<span class=\"screen-reader-text\"> \u00ab\u00a0Garantie\u00a0\u00bb<\/span><\/a><\/p>\n","protected":false},"author":1,"featured_media":939,"parent":0,"menu_order":0,"comment_status":"closed","ping_status":"closed","template":"","meta":{"_eb_attr":"","footnotes":""},"class_list":["post-1244","page","type-page","status-publish","has-post-thumbnail","hentry"],"yoast_head":"<!-- This site is optimized with the Yoast SEO plugin v25.6 - https:\/\/yoast.com\/wordpress\/plugins\/seo\/ -->\n<title>Garantie | Ariel Tech<\/title>\n<meta name=\"robots\" content=\"index, follow, max-snippet:-1, max-image-preview:large, max-video-preview:-1\" \/>\n<link rel=\"canonical\" href=\"https:\/\/arieltech.ca\/warranty\/\" \/>\n<meta property=\"og:locale\" content=\"fr_FR\" \/>\n<meta property=\"og:type\" content=\"article\" \/>\n<meta property=\"og:title\" content=\"Garantie | Ariel Tech\" \/>\n<meta property=\"og:description\" content=\"Garantie standard pour tous les produits Ariel Technology, Inc. (\u00ab\u00a0Fabricant\u00a0\u00bb) Ariel Technology Inc. est le fabricant (le \u00abfabricant\u00bb) des produits (les \u00abproduits\u00bb). contenues dans le manuel d&rsquo;instructions des produits et les catalogues de produits. Cette garantie uniquement s&rsquo;applique aux produits fabriqu\u00e9s par le fabricant. Conditions de garantie (\u00abConditions de garantie\u00bb): Le fabricant garantit qu&rsquo;\u00e0 la &hellip; Continue reading &quot;Garantie&quot;\" \/>\n<meta property=\"og:url\" content=\"https:\/\/arieltech.ca\/warranty\/\" \/>\n<meta property=\"og:site_name\" content=\"Ariel Tech\" \/>\n<meta property=\"article:modified_time\" content=\"2019-06-14T15:05:13+00:00\" \/>\n<meta property=\"og:image\" content=\"https:\/\/arieltech.ca\/wp-content\/uploads\/2019\/03\/CertificateHeader-3.jpg\" \/>\n\t<meta property=\"og:image:width\" content=\"1170\" \/>\n\t<meta property=\"og:image:height\" content=\"308\" \/>\n\t<meta property=\"og:image:type\" content=\"image\/jpeg\" \/>\n<meta name=\"twitter:card\" content=\"summary_large_image\" \/>\n<meta name=\"twitter:label1\" content=\"Dur\u00e9e de lecture estim\u00e9e\" \/>\n\t<meta name=\"twitter:data1\" content=\"5 minutes\" \/>\n<script type=\"application\/ld+json\" class=\"yoast-schema-graph\">{\"@context\":\"https:\/\/schema.org\",\"@graph\":[{\"@type\":\"WebPage\",\"@id\":\"https:\/\/arieltech.ca\/warranty\/\",\"url\":\"https:\/\/arieltech.ca\/warranty\/\",\"name\":\"Garantie | Ariel Tech\",\"isPartOf\":{\"@id\":\"https:\/\/arieltech.ca\/#website\"},\"primaryImageOfPage\":{\"@id\":\"https:\/\/arieltech.ca\/warranty\/#primaryimage\"},\"image\":{\"@id\":\"https:\/\/arieltech.ca\/warranty\/#primaryimage\"},\"thumbnailUrl\":\"https:\/\/arieltech.ca\/wp-content\/uploads\/2019\/03\/CertificateHeader-3.jpg\",\"datePublished\":\"2019-03-28T19:08:01+00:00\",\"dateModified\":\"2019-06-14T15:05:13+00:00\",\"breadcrumb\":{\"@id\":\"https:\/\/arieltech.ca\/warranty\/#breadcrumb\"},\"inLanguage\":\"fr-FR\",\"potentialAction\":[{\"@type\":\"ReadAction\",\"target\":[\"https:\/\/arieltech.ca\/warranty\/\"]}]},{\"@type\":\"ImageObject\",\"inLanguage\":\"fr-FR\",\"@id\":\"https:\/\/arieltech.ca\/warranty\/#primaryimage\",\"url\":\"https:\/\/arieltech.ca\/wp-content\/uploads\/2019\/03\/CertificateHeader-3.jpg\",\"contentUrl\":\"https:\/\/arieltech.ca\/wp-content\/uploads\/2019\/03\/CertificateHeader-3.jpg\",\"width\":1170,\"height\":308},{\"@type\":\"BreadcrumbList\",\"@id\":\"https:\/\/arieltech.ca\/warranty\/#breadcrumb\",\"itemListElement\":[{\"@type\":\"ListItem\",\"position\":1,\"name\":\"Home\",\"item\":\"https:\/\/arieltech.ca\/\"},{\"@type\":\"ListItem\",\"position\":2,\"name\":\"Garantie\"}]},{\"@type\":\"WebSite\",\"@id\":\"https:\/\/arieltech.ca\/#website\",\"url\":\"https:\/\/arieltech.ca\/\",\"name\":\"Ariel Tech\",\"description\":\"La meilleure protection pour les armoires \u00e9lectriques\",\"potentialAction\":[{\"@type\":\"SearchAction\",\"target\":{\"@type\":\"EntryPoint\",\"urlTemplate\":\"https:\/\/arieltech.ca\/?s={search_term_string}\"},\"query-input\":{\"@type\":\"PropertyValueSpecification\",\"valueRequired\":true,\"valueName\":\"search_term_string\"}}],\"inLanguage\":\"fr-FR\"}]}<\/script>\n<!-- \/ Yoast SEO plugin. -->","yoast_head_json":{"title":"Garantie | Ariel Tech","robots":{"index":"index","follow":"follow","max-snippet":"max-snippet:-1","max-image-preview":"max-image-preview:large","max-video-preview":"max-video-preview:-1"},"canonical":"https:\/\/arieltech.ca\/warranty\/","og_locale":"fr_FR","og_type":"article","og_title":"Garantie | Ariel Tech","og_description":"Garantie standard pour tous les produits Ariel Technology, Inc. (\u00ab\u00a0Fabricant\u00a0\u00bb) Ariel Technology Inc. est le fabricant (le \u00abfabricant\u00bb) des produits (les \u00abproduits\u00bb). contenues dans le manuel d&rsquo;instructions des produits et les catalogues de produits. Cette garantie uniquement s&rsquo;applique aux produits fabriqu\u00e9s par le fabricant. Conditions de garantie (\u00abConditions de garantie\u00bb): Le fabricant garantit qu&rsquo;\u00e0 la &hellip; Continue reading \"Garantie\"","og_url":"https:\/\/arieltech.ca\/warranty\/","og_site_name":"Ariel Tech","article_modified_time":"2019-06-14T15:05:13+00:00","og_image":[{"width":1170,"height":308,"url":"https:\/\/arieltech.ca\/wp-content\/uploads\/2019\/03\/CertificateHeader-3.jpg","type":"image\/jpeg"}],"twitter_card":"summary_large_image","twitter_misc":{"Dur\u00e9e de lecture estim\u00e9e":"5 minutes"},"schema":{"@context":"https:\/\/schema.org","@graph":[{"@type":"WebPage","@id":"https:\/\/arieltech.ca\/warranty\/","url":"https:\/\/arieltech.ca\/warranty\/","name":"Garantie | Ariel Tech","isPartOf":{"@id":"https:\/\/arieltech.ca\/#website"},"primaryImageOfPage":{"@id":"https:\/\/arieltech.ca\/warranty\/#primaryimage"},"image":{"@id":"https:\/\/arieltech.ca\/warranty\/#primaryimage"},"thumbnailUrl":"https:\/\/arieltech.ca\/wp-content\/uploads\/2019\/03\/CertificateHeader-3.jpg","datePublished":"2019-03-28T19:08:01+00:00","dateModified":"2019-06-14T15:05:13+00:00","breadcrumb":{"@id":"https:\/\/arieltech.ca\/warranty\/#breadcrumb"},"inLanguage":"fr-FR","potentialAction":[{"@type":"ReadAction","target":["https:\/\/arieltech.ca\/warranty\/"]}]},{"@type":"ImageObject","inLanguage":"fr-FR","@id":"https:\/\/arieltech.ca\/warranty\/#primaryimage","url":"https:\/\/arieltech.ca\/wp-content\/uploads\/2019\/03\/CertificateHeader-3.jpg","contentUrl":"https:\/\/arieltech.ca\/wp-content\/uploads\/2019\/03\/CertificateHeader-3.jpg","width":1170,"height":308},{"@type":"BreadcrumbList","@id":"https:\/\/arieltech.ca\/warranty\/#breadcrumb","itemListElement":[{"@type":"ListItem","position":1,"name":"Home","item":"https:\/\/arieltech.ca\/"},{"@type":"ListItem","position":2,"name":"Garantie"}]},{"@type":"WebSite","@id":"https:\/\/arieltech.ca\/#website","url":"https:\/\/arieltech.ca\/","name":"Ariel Tech","description":"La meilleure protection pour les armoires \u00e9lectriques","potentialAction":[{"@type":"SearchAction","target":{"@type":"EntryPoint","urlTemplate":"https:\/\/arieltech.ca\/?s={search_term_string}"},"query-input":{"@type":"PropertyValueSpecification","valueRequired":true,"valueName":"search_term_string"}}],"inLanguage":"fr-FR"}]}},"_links":{"self":[{"href":"https:\/\/arieltech.ca\/fr\/wp-json\/wp\/v2\/pages\/1244","targetHints":{"allow":["GET"]}}],"collection":[{"href":"https:\/\/arieltech.ca\/fr\/wp-json\/wp\/v2\/pages"}],"about":[{"href":"https:\/\/arieltech.ca\/fr\/wp-json\/wp\/v2\/types\/page"}],"author":[{"embeddable":true,"href":"https:\/\/arieltech.ca\/fr\/wp-json\/wp\/v2\/users\/1"}],"replies":[{"embeddable":true,"href":"https:\/\/arieltech.ca\/fr\/wp-json\/wp\/v2\/comments?post=1244"}],"version-history":[{"count":0,"href":"https:\/\/arieltech.ca\/fr\/wp-json\/wp\/v2\/pages\/1244\/revisions"}],"wp:featuredmedia":[{"embeddable":true,"href":"https:\/\/arieltech.ca\/fr\/wp-json\/wp\/v2\/media\/939"}],"wp:attachment":[{"href":"https:\/\/arieltech.ca\/fr\/wp-json\/wp\/v2\/media?parent=1244"}],"curies":[{"name":"wp","href":"https:\/\/api.w.org\/{rel}","templated":true}]}}