{"id":1220,"date":"2019-06-12T08:49:19","date_gmt":"2019-06-12T12:49:19","guid":{"rendered":"http:\/\/localhost\/ariel-french\/?page_id=1220"},"modified":"2021-05-03T21:02:47","modified_gmt":"2021-05-04T01:02:47","slug":"home-french","status":"publish","type":"page","link":"https:\/\/arieltech.ca\/fr\/","title":{"rendered":"Accueil"},"content":{"rendered":"\t\t<div data-elementor-type=\"wp-page\" data-elementor-id=\"1220\" class=\"elementor elementor-1220 elementor-56\">\n\t\t\t\t\t\t<section class=\"elementor-section elementor-top-section elementor-element elementor-element-45bb2241 elementor-section-full_width elementor-section-height-default elementor-section-height-default\" data-id=\"45bb2241\" data-element_type=\"section\">\n\t\t\t\t\t\t<div class=\"elementor-container elementor-column-gap-wide\">\n\t\t\t\t\t<div class=\"elementor-column elementor-col-16 elementor-top-column elementor-element elementor-element-528cfa76\" data-id=\"528cfa76\" data-element_type=\"column\" data-settings=\"{&quot;background_background&quot;:&quot;gradient&quot;}\">\n\t\t\t<div class=\"elementor-widget-wrap elementor-element-populated\">\n\t\t\t\t\t<div class=\"elementor-background-overlay\"><\/div>\n\t\t\t\t\t\t<div class=\"elementor-element elementor-element-10d182ff elementor-position-top elementor-invisible elementor-widget elementor-widget-image-box\" data-id=\"10d182ff\" data-element_type=\"widget\" data-settings=\"{&quot;_animation&quot;:&quot;fadeInDown&quot;}\" data-widget_type=\"image-box.default\">\n\t\t\t\t<div class=\"elementor-widget-container\">\n\t\t\t\t\t<div class=\"elementor-image-box-wrapper\"><figure class=\"elementor-image-box-img\"><a href=\"https:\/\/arieltech.ca\/fr\/hygrostat-mecanique\/\" tabindex=\"-1\"><img decoding=\"async\" width=\"150\" height=\"150\" src=\"https:\/\/arieltech.ca\/wp-content\/uploads\/2021\/02\/150-t-150x150.png\" class=\"elementor-animation-grow attachment-thumbnail size-thumbnail wp-image-4929\" alt=\"\" srcset=\"https:\/\/arieltech.ca\/wp-content\/uploads\/2021\/02\/150-t.png 150w, https:\/\/arieltech.ca\/wp-content\/uploads\/2021\/02\/150-t-100x100.png 100w\" sizes=\"(max-width: 150px) 100vw, 150px\" \/><\/a><\/figure><div class=\"elementor-image-box-content\"><h3 class=\"elementor-image-box-title\"><a href=\"https:\/\/arieltech.ca\/fr\/hygrostat-mecanique\/\">Thermostats<\/a><\/h3><\/div><\/div>\t\t\t\t<\/div>\n\t\t\t\t<\/div>\n\t\t\t\t\t<\/div>\n\t\t<\/div>\n\t\t\t\t<div class=\"elementor-column elementor-col-16 elementor-top-column elementor-element elementor-element-1842b57\" data-id=\"1842b57\" data-element_type=\"column\" data-settings=\"{&quot;background_background&quot;:&quot;gradient&quot;}\">\n\t\t\t<div class=\"elementor-widget-wrap elementor-element-populated\">\n\t\t\t\t\t<div class=\"elementor-background-overlay\"><\/div>\n\t\t\t\t\t\t<div class=\"elementor-element elementor-element-11991587 elementor-position-top elementor-invisible elementor-widget elementor-widget-image-box\" data-id=\"11991587\" data-element_type=\"widget\" data-settings=\"{&quot;_animation&quot;:&quot;fadeInDown&quot;}\" data-widget_type=\"image-box.default\">\n\t\t\t\t<div class=\"elementor-widget-container\">\n\t\t\t\t\t<div class=\"elementor-image-box-wrapper\"><figure class=\"elementor-image-box-img\"><a href=\"https:\/\/arieltech.ca\/fr\/hygrostat-mecanique-2\/\" tabindex=\"-1\"><img decoding=\"async\" width=\"150\" height=\"150\" src=\"https:\/\/arieltech.ca\/wp-content\/uploads\/2021\/02\/150-h-150x150.png\" class=\"elementor-animation-grow attachment-thumbnail size-thumbnail wp-image-4931\" alt=\"\" srcset=\"https:\/\/arieltech.ca\/wp-content\/uploads\/2021\/02\/150-h.png 150w, https:\/\/arieltech.ca\/wp-content\/uploads\/2021\/02\/150-h-100x100.png 100w\" sizes=\"(max-width: 150px) 100vw, 150px\" \/><\/a><\/figure><div class=\"elementor-image-box-content\"><div class=\"elementor-image-box-title\"><a href=\"https:\/\/arieltech.ca\/fr\/hygrostat-mecanique-2\/\">Hygrostat m\u00e9canique<\/a><\/div><\/div><\/div>\t\t\t\t<\/div>\n\t\t\t\t<\/div>\n\t\t\t\t\t<\/div>\n\t\t<\/div>\n\t\t\t\t<div class=\"elementor-column elementor-col-16 elementor-top-column elementor-element elementor-element-40cd54c8\" data-id=\"40cd54c8\" data-element_type=\"column\" data-settings=\"{&quot;background_background&quot;:&quot;gradient&quot;}\">\n\t\t\t<div class=\"elementor-widget-wrap elementor-element-populated\">\n\t\t\t\t\t<div class=\"elementor-background-overlay\"><\/div>\n\t\t\t\t\t\t<div class=\"elementor-element elementor-element-8eb17f3 elementor-position-top elementor-invisible elementor-widget elementor-widget-image-box\" data-id=\"8eb17f3\" data-element_type=\"widget\" data-settings=\"{&quot;_animation&quot;:&quot;fadeInDown&quot;}\" data-widget_type=\"image-box.default\">\n\t\t\t\t<div class=\"elementor-widget-container\">\n\t\t\t\t\t<div class=\"elementor-image-box-wrapper\"><figure class=\"elementor-image-box-img\"><a href=\"https:\/\/arieltech.ca\/fr\/fan-filters-and-exhaust-filters\/\" tabindex=\"-1\"><img decoding=\"async\" width=\"150\" height=\"150\" src=\"https:\/\/arieltech.ca\/wp-content\/uploads\/2021\/02\/150-fanf-150x150.png\" class=\"elementor-animation-grow attachment-thumbnail size-thumbnail wp-image-4933\" alt=\"\" srcset=\"https:\/\/arieltech.ca\/wp-content\/uploads\/2021\/02\/150-fanf.png 150w, https:\/\/arieltech.ca\/wp-content\/uploads\/2021\/02\/150-fanf-100x100.png 100w\" sizes=\"(max-width: 150px) 100vw, 150px\" \/><\/a><\/figure><div class=\"elementor-image-box-content\"><div class=\"elementor-image-box-title\"><a href=\"https:\/\/arieltech.ca\/fr\/fan-filters-and-exhaust-filters\/\">Filtres de ventilateur<\/a><\/div><\/div><\/div>\t\t\t\t<\/div>\n\t\t\t\t<\/div>\n\t\t\t\t\t<\/div>\n\t\t<\/div>\n\t\t\t\t<div class=\"elementor-column elementor-col-16 elementor-top-column elementor-element elementor-element-b3d2c84\" data-id=\"b3d2c84\" data-element_type=\"column\" data-settings=\"{&quot;background_background&quot;:&quot;gradient&quot;}\">\n\t\t\t<div class=\"elementor-widget-wrap elementor-element-populated\">\n\t\t\t\t\t<div class=\"elementor-background-overlay\"><\/div>\n\t\t\t\t\t\t<div class=\"elementor-element elementor-element-f6e00cd elementor-position-top elementor-invisible elementor-widget elementor-widget-image-box\" data-id=\"f6e00cd\" data-element_type=\"widget\" data-settings=\"{&quot;_animation&quot;:&quot;fadeInDown&quot;}\" data-widget_type=\"image-box.default\">\n\t\t\t\t<div class=\"elementor-widget-container\">\n\t\t\t\t\t<div class=\"elementor-image-box-wrapper\"><figure class=\"elementor-image-box-img\"><a href=\"https:\/\/arieltech.ca\/fr\/unites-de-refroidissement-thermoelectriques\/\" target=\"_blank\" thermoelectric=\"\" tabindex=\"-1\"><img loading=\"lazy\" decoding=\"async\" width=\"150\" height=\"150\" src=\"https:\/\/arieltech.ca\/wp-content\/uploads\/2021\/02\/150-c-150x150.png\" class=\"elementor-animation-grow attachment-thumbnail size-thumbnail wp-image-4935\" alt=\"\" srcset=\"https:\/\/arieltech.ca\/wp-content\/uploads\/2021\/02\/150-c.png 150w, https:\/\/arieltech.ca\/wp-content\/uploads\/2021\/02\/150-c-100x100.png 100w\" sizes=\"(max-width: 150px) 100vw, 150px\" \/><\/a><\/figure><div class=\"elementor-image-box-content\"><h3 class=\"elementor-image-box-title\"><a href=\"https:\/\/arieltech.ca\/fr\/unites-de-refroidissement-thermoelectriques\/\" target=\"_blank\" thermoelectric=\"\">Unit\u00e9s de refroidissement thermo\u00e9lectriques<\/a><\/h3><\/div><\/div>\t\t\t\t<\/div>\n\t\t\t\t<\/div>\n\t\t\t\t\t<\/div>\n\t\t<\/div>\n\t\t\t\t<div class=\"elementor-column elementor-col-16 elementor-top-column elementor-element elementor-element-1a392aaa\" data-id=\"1a392aaa\" data-element_type=\"column\" data-settings=\"{&quot;background_background&quot;:&quot;gradient&quot;}\">\n\t\t\t<div class=\"elementor-widget-wrap elementor-element-populated\">\n\t\t\t\t\t<div class=\"elementor-background-overlay\"><\/div>\n\t\t\t\t\t\t<div class=\"elementor-element elementor-element-57baad56 elementor-position-top elementor-invisible elementor-widget elementor-widget-image-box\" data-id=\"57baad56\" data-element_type=\"widget\" data-settings=\"{&quot;_animation&quot;:&quot;fadeInDown&quot;}\" data-widget_type=\"image-box.default\">\n\t\t\t\t<div class=\"elementor-widget-container\">\n\t\t\t\t\t<div class=\"elementor-image-box-wrapper\"><figure class=\"elementor-image-box-img\"><a href=\"https:\/\/arieltech.ca\/fr\/heaters\/\" tabindex=\"-1\"><img loading=\"lazy\" decoding=\"async\" width=\"150\" height=\"150\" src=\"https:\/\/arieltech.ca\/wp-content\/uploads\/2021\/02\/150-hea-150x150.png\" class=\"elementor-animation-grow attachment-thumbnail size-thumbnail wp-image-4937\" alt=\"\" srcset=\"https:\/\/arieltech.ca\/wp-content\/uploads\/2021\/02\/150-hea.png 150w, https:\/\/arieltech.ca\/wp-content\/uploads\/2021\/02\/150-hea-100x100.png 100w\" sizes=\"(max-width: 150px) 100vw, 150px\" \/><\/a><\/figure><div class=\"elementor-image-box-content\"><h3 class=\"elementor-image-box-title\"><a href=\"https:\/\/arieltech.ca\/fr\/heaters\/\">Heaters<\/a><\/h3><\/div><\/div>\t\t\t\t<\/div>\n\t\t\t\t<\/div>\n\t\t\t\t\t<\/div>\n\t\t<\/div>\n\t\t\t\t<div class=\"elementor-column elementor-col-16 elementor-top-column elementor-element elementor-element-4cf3b524\" data-id=\"4cf3b524\" data-element_type=\"column\" data-settings=\"{&quot;background_background&quot;:&quot;gradient&quot;}\">\n\t\t\t<div class=\"elementor-widget-wrap elementor-element-populated\">\n\t\t\t\t\t<div class=\"elementor-background-overlay\"><\/div>\n\t\t\t\t\t\t<div class=\"elementor-element elementor-element-198f8a82 elementor-position-top elementor-invisible elementor-widget elementor-widget-image-box\" data-id=\"198f8a82\" data-element_type=\"widget\" data-settings=\"{&quot;_animation&quot;:&quot;fadeInDown&quot;}\" data-widget_type=\"image-box.default\">\n\t\t\t\t<div class=\"elementor-widget-container\">\n\t\t\t\t\t<div class=\"elementor-image-box-wrapper\"><figure class=\"elementor-image-box-img\"><a href=\"https:\/\/arieltech.ca\/fr\/ventilateurs-axiaux\/\" tabindex=\"-1\"><img loading=\"lazy\" decoding=\"async\" width=\"150\" height=\"150\" src=\"https:\/\/arieltech.ca\/wp-content\/uploads\/2021\/02\/150-150x150.png\" class=\"elementor-animation-grow attachment-thumbnail size-thumbnail wp-image-4939\" alt=\"\" srcset=\"https:\/\/arieltech.ca\/wp-content\/uploads\/2021\/02\/150.png 150w, https:\/\/arieltech.ca\/wp-content\/uploads\/2021\/02\/150-100x100.png 100w\" sizes=\"(max-width: 150px) 100vw, 150px\" \/><\/a><\/figure><div class=\"elementor-image-box-content\"><h3 class=\"elementor-image-box-title\"><a href=\"https:\/\/arieltech.ca\/fr\/ventilateurs-axiaux\/\">Ventilateurs axiaux<\/a><\/h3><\/div><\/div>\t\t\t\t<\/div>\n\t\t\t\t<\/div>\n\t\t\t\t\t<\/div>\n\t\t<\/div>\n\t\t\t\t\t<\/div>\n\t\t<\/section>\n\t\t\t\t<\/div>\n\t\t","protected":false},"excerpt":{"rendered":"<p>Thermostats Hygrostat m\u00e9canique Filtres de ventilateur Unit\u00e9s de refroidissement thermo\u00e9lectriques Heaters Ventilateurs axiaux<\/p>\n","protected":false},"author":1,"featured_media":0,"parent":0,"menu_order":0,"comment_status":"closed","ping_status":"closed","template":"tmpl-home.php","meta":{"_eb_attr":"","footnotes":""},"class_list":["post-1220","page","type-page","status-publish","hentry"],"yoast_head":"<!-- This site is optimized with the Yoast SEO plugin v25.6 - https:\/\/yoast.com\/wordpress\/plugins\/seo\/ -->\n<title>Accueil | Ariel Tech<\/title>\n<meta name=\"robots\" content=\"index, follow, max-snippet:-1, max-image-preview:large, max-video-preview:-1\" \/>\n<link rel=\"canonical\" href=\"https:\/\/arieltech.ca\/\" \/>\n<meta property=\"og:locale\" content=\"fr_FR\" \/>\n<meta property=\"og:type\" content=\"article\" \/>\n<meta property=\"og:title\" content=\"Accueil | Ariel Tech\" \/>\n<meta property=\"og:description\" content=\"Thermostats Hygrostat m\u00e9canique Filtres de ventilateur Unit\u00e9s de refroidissement thermo\u00e9lectriques Heaters Ventilateurs axiaux\" \/>\n<meta property=\"og:url\" content=\"https:\/\/arieltech.ca\/\" \/>\n<meta property=\"og:site_name\" content=\"Ariel Tech\" \/>\n<meta property=\"article:modified_time\" content=\"2021-05-04T01:02:47+00:00\" \/>\n<meta property=\"og:image\" content=\"https:\/\/arieltech.ca\/wp-content\/uploads\/2021\/02\/150-t-150x150.png\" \/>\n<meta name=\"twitter:card\" content=\"summary_large_image\" \/>\n<script type=\"application\/ld+json\" class=\"yoast-schema-graph\">{\"@context\":\"https:\/\/schema.org\",\"@graph\":[{\"@type\":\"WebPage\",\"@id\":\"https:\/\/arieltech.ca\/\",\"url\":\"https:\/\/arieltech.ca\/\",\"name\":\"Accueil | Ariel Tech\",\"isPartOf\":{\"@id\":\"https:\/\/arieltech.ca\/#website\"},\"primaryImageOfPage\":{\"@id\":\"https:\/\/arieltech.ca\/#primaryimage\"},\"image\":{\"@id\":\"https:\/\/arieltech.ca\/#primaryimage\"},\"thumbnailUrl\":\"https:\/\/arieltech.ca\/wp-content\/uploads\/2021\/02\/150-t-150x150.png\",\"datePublished\":\"2019-06-12T12:49:19+00:00\",\"dateModified\":\"2021-05-04T01:02:47+00:00\",\"breadcrumb\":{\"@id\":\"https:\/\/arieltech.ca\/#breadcrumb\"},\"inLanguage\":\"fr-FR\",\"potentialAction\":[{\"@type\":\"ReadAction\",\"target\":[\"https:\/\/arieltech.ca\/\"]}]},{\"@type\":\"ImageObject\",\"inLanguage\":\"fr-FR\",\"@id\":\"https:\/\/arieltech.ca\/#primaryimage\",\"url\":\"https:\/\/arieltech.ca\/wp-content\/uploads\/2021\/02\/150-t-150x150.png\",\"contentUrl\":\"https:\/\/arieltech.ca\/wp-content\/uploads\/2021\/02\/150-t-150x150.png\"},{\"@type\":\"BreadcrumbList\",\"@id\":\"https:\/\/arieltech.ca\/#breadcrumb\",\"itemListElement\":[{\"@type\":\"ListItem\",\"position\":1,\"name\":\"Home\",\"item\":\"https:\/\/arieltech.ca\/\"},{\"@type\":\"ListItem\",\"position\":2,\"name\":\"Accueil\"}]},{\"@type\":\"WebSite\",\"@id\":\"https:\/\/arieltech.ca\/#website\",\"url\":\"https:\/\/arieltech.ca\/\",\"name\":\"Ariel Tech\",\"description\":\"La meilleure protection pour les armoires \u00e9lectriques\",\"potentialAction\":[{\"@type\":\"SearchAction\",\"target\":{\"@type\":\"EntryPoint\",\"urlTemplate\":\"https:\/\/arieltech.ca\/?s={search_term_string}\"},\"query-input\":{\"@type\":\"PropertyValueSpecification\",\"valueRequired\":true,\"valueName\":\"search_term_string\"}}],\"inLanguage\":\"fr-FR\"}]}<\/script>\n<!-- \/ Yoast SEO plugin. -->","yoast_head_json":{"title":"Accueil | Ariel Tech","robots":{"index":"index","follow":"follow","max-snippet":"max-snippet:-1","max-image-preview":"max-image-preview:large","max-video-preview":"max-video-preview:-1"},"canonical":"https:\/\/arieltech.ca\/","og_locale":"fr_FR","og_type":"article","og_title":"Accueil | Ariel Tech","og_description":"Thermostats Hygrostat m\u00e9canique Filtres de ventilateur Unit\u00e9s de refroidissement thermo\u00e9lectriques Heaters Ventilateurs axiaux","og_url":"https:\/\/arieltech.ca\/","og_site_name":"Ariel Tech","article_modified_time":"2021-05-04T01:02:47+00:00","og_image":[{"url":"https:\/\/arieltech.ca\/wp-content\/uploads\/2021\/02\/150-t-150x150.png","type":"","width":"","height":""}],"twitter_card":"summary_large_image","schema":{"@context":"https:\/\/schema.org","@graph":[{"@type":"WebPage","@id":"https:\/\/arieltech.ca\/","url":"https:\/\/arieltech.ca\/","name":"Accueil | Ariel Tech","isPartOf":{"@id":"https:\/\/arieltech.ca\/#website"},"primaryImageOfPage":{"@id":"https:\/\/arieltech.ca\/#primaryimage"},"image":{"@id":"https:\/\/arieltech.ca\/#primaryimage"},"thumbnailUrl":"https:\/\/arieltech.ca\/wp-content\/uploads\/2021\/02\/150-t-150x150.png","datePublished":"2019-06-12T12:49:19+00:00","dateModified":"2021-05-04T01:02:47+00:00","breadcrumb":{"@id":"https:\/\/arieltech.ca\/#breadcrumb"},"inLanguage":"fr-FR","potentialAction":[{"@type":"ReadAction","target":["https:\/\/arieltech.ca\/"]}]},{"@type":"ImageObject","inLanguage":"fr-FR","@id":"https:\/\/arieltech.ca\/#primaryimage","url":"https:\/\/arieltech.ca\/wp-content\/uploads\/2021\/02\/150-t-150x150.png","contentUrl":"https:\/\/arieltech.ca\/wp-content\/uploads\/2021\/02\/150-t-150x150.png"},{"@type":"BreadcrumbList","@id":"https:\/\/arieltech.ca\/#breadcrumb","itemListElement":[{"@type":"ListItem","position":1,"name":"Home","item":"https:\/\/arieltech.ca\/"},{"@type":"ListItem","position":2,"name":"Accueil"}]},{"@type":"WebSite","@id":"https:\/\/arieltech.ca\/#website","url":"https:\/\/arieltech.ca\/","name":"Ariel Tech","description":"La meilleure protection pour les armoires \u00e9lectriques","potentialAction":[{"@type":"SearchAction","target":{"@type":"EntryPoint","urlTemplate":"https:\/\/arieltech.ca\/?s={search_term_string}"},"query-input":{"@type":"PropertyValueSpecification","valueRequired":true,"valueName":"search_term_string"}}],"inLanguage":"fr-FR"}]}},"_links":{"self":[{"href":"https:\/\/arieltech.ca\/fr\/wp-json\/wp\/v2\/pages\/1220","targetHints":{"allow":["GET"]}}],"collection":[{"href":"https:\/\/arieltech.ca\/fr\/wp-json\/wp\/v2\/pages"}],"about":[{"href":"https:\/\/arieltech.ca\/fr\/wp-json\/wp\/v2\/types\/page"}],"author":[{"embeddable":true,"href":"https:\/\/arieltech.ca\/fr\/wp-json\/wp\/v2\/users\/1"}],"replies":[{"embeddable":true,"href":"https:\/\/arieltech.ca\/fr\/wp-json\/wp\/v2\/comments?post=1220"}],"version-history":[{"count":34,"href":"https:\/\/arieltech.ca\/fr\/wp-json\/wp\/v2\/pages\/1220\/revisions"}],"predecessor-version":[{"id":5595,"href":"https:\/\/arieltech.ca\/fr\/wp-json\/wp\/v2\/pages\/1220\/revisions\/5595"}],"wp:attachment":[{"href":"https:\/\/arieltech.ca\/fr\/wp-json\/wp\/v2\/media?parent=1220"}],"curies":[{"name":"wp","href":"https:\/\/api.w.org\/{rel}","templated":true}]}}